{"id":21869,"date":"2022-06-30T08:36:26","date_gmt":"2022-06-30T08:36:26","guid":{"rendered":"https:\/\/ifalpes.com\/viaje-annecy\/"},"modified":"2023-12-15T17:04:50","modified_gmt":"2023-12-15T17:04:50","slug":"viaje-annecy","status":"publish","type":"page","link":"https:\/\/ifalpes.com\/es\/informacion\/viaje-annecy\/","title":{"rendered":"Viaje a IFALPES Annecy"},"content":{"rendered":"\t\t<div data-elementor-type=\"wp-page\" data-elementor-id=\"21869\" class=\"elementor elementor-21869 elementor-156\" data-elementor-post-type=\"page\">\n\t\t\t\t\t\t<section class=\"elementor-section elementor-top-section elementor-element elementor-element-81b7b7d elementor-section-boxed elementor-section-height-default elementor-section-height-default\" data-id=\"81b7b7d\" data-element_type=\"section\" data-e-type=\"section\">\n\t\t\t\t\t\t<div class=\"elementor-container elementor-column-gap-default\">\n\t\t\t\t\t<div class=\"elementor-column elementor-col-33 elementor-top-column elementor-element elementor-element-d060756\" data-id=\"d060756\" data-element_type=\"column\" data-e-type=\"column\" data-settings=\"{&quot;background_background&quot;:&quot;classic&quot;}\">\n\t\t\t<div class=\"elementor-widget-wrap\">\n\t\t\t\t\t\t\t<\/div>\n\t\t<\/div>\n\t\t\t\t<div class=\"elementor-column elementor-col-66 elementor-top-column elementor-element elementor-element-d403f70\" data-id=\"d403f70\" data-element_type=\"column\" data-e-type=\"column\">\n\t\t\t<div class=\"elementor-widget-wrap elementor-element-populated\">\n\t\t\t\t\t\t<div class=\"elementor-element elementor-element-291063b elementor-widget elementor-widget-heading\" data-id=\"291063b\" data-element_type=\"widget\" data-e-type=\"widget\" data-widget_type=\"heading.default\">\n\t\t\t\t<div class=\"elementor-widget-container\">\n\t\t\t\t\t<h2 class=\"elementor-heading-title elementor-size-default\">En avi\u00f3n - 2 aeropuertos internacionales<\/h2>\t\t\t\t<\/div>\n\t\t\t\t<\/div>\n\t\t\t\t<div class=\"elementor-element elementor-element-7fa30fe elementor-widget elementor-widget-heading\" data-id=\"7fa30fe\" data-element_type=\"widget\" data-e-type=\"widget\" data-widget_type=\"heading.default\">\n\t\t\t\t<div class=\"elementor-widget-container\">\n\t\t\t\t\t<h3 class=\"elementor-heading-title elementor-size-default\">GENEVE - GVA (SUIZA) :<\/h3>\t\t\t\t<\/div>\n\t\t\t\t<\/div>\n\t\t\t\t<div class=\"elementor-element elementor-element-d2c91fb elementor-widget elementor-widget-text-editor\" data-id=\"d2c91fb\" data-element_type=\"widget\" data-e-type=\"widget\" data-widget_type=\"text-editor.default\">\n\t\t\t\t<div class=\"elementor-widget-container\">\n\t\t\t\t\t\t\t\t\t<p>El aeropuerto internacional de <a href=\"https:\/\/www.gva.ch\/fr\/\" target=\"_blank\" rel=\"noopener\">Ginebra-Cointrin<\/a> se encuentra a 44 km.<\/p>\n<p>Desde\/hacia el aeropuerto de Ginebra:<\/p>\n<ul>\n<li><strong>AUTOB\u00daS<\/strong>: entre 1h30 y 2h de trayecto\n<ul>\n<li><a href=\"https:\/\/www.flixbus.fr\/\" target=\"_blank\" rel=\"noopener\">FlixBus<\/a><\/li>\n<li><a href=\"https:\/\/www.blablacar.fr\/bus\" target=\"_blank\" rel=\"noopener\">Blablabus<\/a><\/li>\n<\/ul>\n<\/li>\n<li><strong>BLABLACAR <\/strong>: <a href=\"https:\/\/www.blablacar.fr\/\" target=\"_blank\" rel=\"noopener\">https:\/\/www.blablacar.fr\/<\/a><\/li>\n<li><strong>TAXI : <\/strong>reserve un taxi con Ifalpes (140 \u20ac) info@ifalpes.com<\/li>\n<\/ul>\n\t\t\t\t\t\t\t\t<\/div>\n\t\t\t\t<\/div>\n\t\t\t\t<div class=\"elementor-element elementor-element-b9bf665 elementor-widget elementor-widget-heading\" data-id=\"b9bf665\" data-element_type=\"widget\" data-e-type=\"widget\" data-widget_type=\"heading.default\">\n\t\t\t\t<div class=\"elementor-widget-container\">\n\t\t\t\t\t<h3 class=\"elementor-heading-title elementor-size-default\">LYON\u00a0\u2013\u00a0LYS (FRANCIA)<\/h3>\t\t\t\t<\/div>\n\t\t\t\t<\/div>\n\t\t\t\t<div class=\"elementor-element elementor-element-94877f1 elementor-widget elementor-widget-text-editor\" data-id=\"94877f1\" data-element_type=\"widget\" data-e-type=\"widget\" data-widget_type=\"text-editor.default\">\n\t\t\t\t<div class=\"elementor-widget-container\">\n\t\t\t\t\t\t\t\t\t<p>Aeropuerto internacional de <a href=\"https:\/\/www.lyonaeroports.com\/\" target=\"_blank\" rel=\"noopener\">Lyon Saint-Exup\u00e9ry.<\/a><\/p>\n<p>Desde\/hacia el aeropuerto de Lyon:<\/p>\n<ul>\n<li><strong>AUTOB\u00daS<\/strong>: aprox. 2 horas\n<ul>\n<li><a href=\"https:\/\/www.flixbus.fr\/\" target=\"_blank\" rel=\"noopener\">FlixBus<\/a><\/li>\n<li><a href=\"https:\/\/www.blablacar.fr\/bus\" target=\"_blank\" rel=\"noopener\">Blablabus<\/a><\/li>\n<\/ul>\n<\/li>\n<li><strong>TREN :<\/strong> <a href=\"https:\/\/www.sncf-connect.com\/\" target=\"_blank\" rel=\"noopener\">https:\/\/www.sncf-connect.com\/<\/a><\/li>\n<li><strong>BLABLACAR :<\/strong> <a href=\"https:\/\/www.blablacar.fr\/\" target=\"_blank\" rel=\"noopener\">https:\/\/www.blablacar.fr\/<\/a><\/li>\n<li><strong>TAXI <\/strong>: reserve un taxi con Ifalpes (310\u20ac) info@ifalpes.com<\/li>\n<\/ul>\n\t\t\t\t\t\t\t\t<\/div>\n\t\t\t\t<\/div>\n\t\t\t\t\t<\/div>\n\t\t<\/div>\n\t\t\t\t\t<\/div>\n\t\t<\/section>\n\t\t\t\t<section class=\"elementor-section elementor-top-section elementor-element elementor-element-f980453 elementor-section-boxed elementor-section-height-default elementor-section-height-default\" data-id=\"f980453\" data-element_type=\"section\" data-e-type=\"section\">\n\t\t\t\t\t\t<div class=\"elementor-container elementor-column-gap-default\">\n\t\t\t\t\t<div class=\"elementor-column elementor-col-100 elementor-top-column elementor-element elementor-element-71e9e11\" data-id=\"71e9e11\" data-element_type=\"column\" data-e-type=\"column\">\n\t\t\t<div class=\"elementor-widget-wrap elementor-element-populated\">\n\t\t\t\t\t\t<div class=\"elementor-element elementor-element-be893b9 elementor-widget elementor-widget-heading\" data-id=\"be893b9\" data-element_type=\"widget\" data-e-type=\"widget\" data-widget_type=\"heading.default\">\n\t\t\t\t<div class=\"elementor-widget-container\">\n\t\t\t\t\t<h2 class=\"elementor-heading-title elementor-size-default\">En autob\u00fas<\/h2>\t\t\t\t<\/div>\n\t\t\t\t<\/div>\n\t\t\t\t<div class=\"elementor-element elementor-element-b4038d1 elementor-widget elementor-widget-text-editor\" data-id=\"b4038d1\" data-element_type=\"widget\" data-e-type=\"widget\" data-widget_type=\"text-editor.default\">\n\t\t\t\t<div class=\"elementor-widget-container\">\n\t\t\t\t\t\t\t\t\t<p>Annecy dispone de una estaci\u00f3n de autobuses que le conecta con numerosas ciudades de la regi\u00f3n (Ginebra, Lyon, Grenoble) y de Francia. Varias compa\u00f1\u00edas ofrecen una amplia gama de rutas:<\/p>\n<ul>\n<li><a href=\"https:\/\/www.flixbus.fr\/\" target=\"_blank\" rel=\"noopener\">FlixBus<\/a><\/li>\n<li><a href=\"https:\/\/www.blablacar.fr\/bus\" target=\"_blank\" rel=\"noopener\">Blablabus<\/a><\/li>\n<\/ul>\n\t\t\t\t\t\t\t\t<\/div>\n\t\t\t\t<\/div>\n\t\t\t\t\t<\/div>\n\t\t<\/div>\n\t\t\t\t\t<\/div>\n\t\t<\/section>\n\t\t\t\t<section class=\"elementor-section elementor-top-section elementor-element elementor-element-412cd50 elementor-section-boxed elementor-section-height-default elementor-section-height-default\" data-id=\"412cd50\" data-element_type=\"section\" data-e-type=\"section\">\n\t\t\t\t\t\t<div class=\"elementor-container elementor-column-gap-default\">\n\t\t\t\t\t<div class=\"elementor-column elementor-col-100 elementor-top-column elementor-element elementor-element-74a37d7\" data-id=\"74a37d7\" data-element_type=\"column\" data-e-type=\"column\">\n\t\t\t<div class=\"elementor-widget-wrap elementor-element-populated\">\n\t\t\t\t\t\t<div class=\"elementor-element elementor-element-90b0934 elementor-widget elementor-widget-heading\" data-id=\"90b0934\" data-element_type=\"widget\" data-e-type=\"widget\" data-widget_type=\"heading.default\">\n\t\t\t\t<div class=\"elementor-widget-container\">\n\t\t\t\t\t<h2 class=\"elementor-heading-title elementor-size-default\">En tren<\/h2>\t\t\t\t<\/div>\n\t\t\t\t<\/div>\n\t\t\t\t<div class=\"elementor-element elementor-element-6f38611 elementor-widget elementor-widget-text-editor\" data-id=\"6f38611\" data-element_type=\"widget\" data-e-type=\"widget\" data-widget_type=\"text-editor.default\">\n\t\t\t\t<div class=\"elementor-widget-container\">\n\t\t\t\t\t\t\t\t\tAnnecy cuenta con una estaci\u00f3n de TGV. Ofrece conexiones directas entre Par\u00eds y Annecy todos los d\u00edas (duraci\u00f3n \u2245 4 horas). Los precios de los billetes de tren pueden variar seg\u00fan el d\u00eda o la hora que desee reservar. No dude en reservar con antelaci\u00f3n para obtener los mejores precios.\r\n\r\n<a href=\"https:\/\/www.sncf-connect.com\/\" target=\"_blank\" rel=\"noopener\">https:\/\/www.sncf-connect.com\/<\/a>\t\t\t\t\t\t\t\t<\/div>\n\t\t\t\t<\/div>\n\t\t\t\t\t<\/div>\n\t\t<\/div>\n\t\t\t\t\t<\/div>\n\t\t<\/section>\n\t\t\t\t<section class=\"elementor-section elementor-top-section elementor-element elementor-element-19dc3d9 elementor-section-boxed elementor-section-height-default elementor-section-height-default\" data-id=\"19dc3d9\" data-element_type=\"section\" data-e-type=\"section\">\n\t\t\t\t\t\t<div class=\"elementor-container elementor-column-gap-default\">\n\t\t\t\t\t<div class=\"elementor-column elementor-col-100 elementor-top-column elementor-element elementor-element-754eb8a\" data-id=\"754eb8a\" data-element_type=\"column\" data-e-type=\"column\">\n\t\t\t<div class=\"elementor-widget-wrap elementor-element-populated\">\n\t\t\t\t\t\t<div class=\"elementor-element elementor-element-28f6f88 elementor-widget elementor-widget-heading\" data-id=\"28f6f88\" data-element_type=\"widget\" data-e-type=\"widget\" data-widget_type=\"heading.default\">\n\t\t\t\t<div class=\"elementor-widget-container\">\n\t\t\t\t\t<h2 class=\"elementor-heading-title elementor-size-default\">En coche<\/h2>\t\t\t\t<\/div>\n\t\t\t\t<\/div>\n\t\t\t\t<div class=\"elementor-element elementor-element-10d1c29 elementor-widget elementor-widget-text-editor\" data-id=\"10d1c29\" data-element_type=\"widget\" data-e-type=\"widget\" data-widget_type=\"text-editor.default\">\n\t\t\t\t<div class=\"elementor-widget-container\">\n\t\t\t\t\t\t\t\t\t<p>Distancia desde Annecy :<\/p>\n<p>&#8211; Par\u00eds: 560 km (5h30) Tasa de autopista: 60\u20ac.<br \/>\n&#8211; Lyon: 145 km (1h 30 min) Tasa de autopista: 15,20<br \/>\n&#8211; Ginebra: 40 km (40 min) Tasa de autopista: 8,00\u20ac.<\/p>\n\t\t\t\t\t\t\t\t<\/div>\n\t\t\t\t<\/div>\n\t\t\t\t\t<\/div>\n\t\t<\/div>\n\t\t\t\t\t<\/div>\n\t\t<\/section>\n\t\t\t\t<section class=\"elementor-section elementor-top-section elementor-element elementor-element-38fb23a elementor-section-boxed elementor-section-height-default elementor-section-height-default\" data-id=\"38fb23a\" data-element_type=\"section\" data-e-type=\"section\">\n\t\t\t\t\t\t<div class=\"elementor-container elementor-column-gap-default\">\n\t\t\t\t\t<div class=\"elementor-column elementor-col-100 elementor-top-column elementor-element elementor-element-c79536e\" data-id=\"c79536e\" data-element_type=\"column\" data-e-type=\"column\">\n\t\t\t<div class=\"elementor-widget-wrap elementor-element-populated\">\n\t\t\t\t\t\t<div class=\"elementor-element elementor-element-c8711c6 elementor-widget elementor-widget-heading\" data-id=\"c8711c6\" data-element_type=\"widget\" data-e-type=\"widget\" data-widget_type=\"heading.default\">\n\t\t\t\t<div class=\"elementor-widget-container\">\n\t\t\t\t\t<h2 class=\"elementor-heading-title elementor-size-default\">Lanzadera<\/h2>\t\t\t\t<\/div>\n\t\t\t\t<\/div>\n\t\t\t\t<div class=\"elementor-element elementor-element-44f3529 elementor-widget elementor-widget-text-editor\" data-id=\"44f3529\" data-element_type=\"widget\" data-e-type=\"widget\" data-widget_type=\"text-editor.default\">\n\t\t\t\t<div class=\"elementor-widget-container\">\n\t\t\t\t\t\t\t\t\t<p>Si lo desea, IFALPES puede organizar traslados de ida y vuelta en funci\u00f3n de su destino de llegada o de salida. Para reservar una lanzadera, p\u00f3ngase en contacto con nosotros en info@ifalpes.com.<\/p>\n<p>Tenga en cuenta que si llega a Annecy y ha reservado alojamiento con una familia de acogida, \u00e9sta le recoger\u00e1 en la estaci\u00f3n de tren o de autobuses en funci\u00f3n de su hora de llegada. No olvide comunicarles sus datos de llegada.<\/p>\n\t\t\t\t\t\t\t\t<\/div>\n\t\t\t\t<\/div>\n\t\t\t\t\t<\/div>\n\t\t<\/div>\n\t\t\t\t\t<\/div>\n\t\t<\/section>\n\t\t\t\t<\/div>\n\t\t","protected":false},"excerpt":{"rendered":"<p>En avi\u00f3n &#8211; 2 aeropuertos internacionales GENEVE &#8211; GVA (SUIZA) : El aeropuerto internacional de Ginebra-Cointrin se encuentra a 44 km. Desde\/hacia el aeropuerto de Ginebra: AUTOB\u00daS: entre 1h30 y 2h de trayecto FlixBus Blablabus BLABLACAR : https:\/\/www.blablacar.fr\/ TAXI : reserve un taxi con Ifalpes (140 \u20ac) info@ifalpes.com LYON\u00a0\u2013\u00a0LYS (FRANCIA) Aeropuerto internacional de Lyon Saint-Exup\u00e9ry. [&hellip;]<\/p>\n","protected":false},"author":1,"featured_media":21235,"parent":21875,"menu_order":0,"comment_status":"closed","ping_status":"closed","template":"","meta":{"_acf_changed":false,"content-type":"","footnotes":""},"class_list":["post-21869","page","type-page","status-publish","has-post-thumbnail","hentry"],"acf":[],"_links":{"self":[{"href":"https:\/\/ifalpes.com\/es\/wp-json\/wp\/v2\/pages\/21869","targetHints":{"allow":["GET"]}}],"collection":[{"href":"https:\/\/ifalpes.com\/es\/wp-json\/wp\/v2\/pages"}],"about":[{"href":"https:\/\/ifalpes.com\/es\/wp-json\/wp\/v2\/types\/page"}],"author":[{"embeddable":true,"href":"https:\/\/ifalpes.com\/es\/wp-json\/wp\/v2\/users\/1"}],"replies":[{"embeddable":true,"href":"https:\/\/ifalpes.com\/es\/wp-json\/wp\/v2\/comments?post=21869"}],"version-history":[{"count":3,"href":"https:\/\/ifalpes.com\/es\/wp-json\/wp\/v2\/pages\/21869\/revisions"}],"predecessor-version":[{"id":25078,"href":"https:\/\/ifalpes.com\/es\/wp-json\/wp\/v2\/pages\/21869\/revisions\/25078"}],"up":[{"embeddable":true,"href":"https:\/\/ifalpes.com\/es\/wp-json\/wp\/v2\/pages\/21875"}],"wp:featuredmedia":[{"embeddable":true,"href":"https:\/\/ifalpes.com\/es\/wp-json\/wp\/v2\/media\/21235"}],"wp:attachment":[{"href":"https:\/\/ifalpes.com\/es\/wp-json\/wp\/v2\/media?parent=21869"}],"curies":[{"name":"wp","href":"https:\/\/api.w.org\/{rel}","templated":true}]}}