{"id":21793,"date":"2022-06-30T08:33:54","date_gmt":"2022-06-30T08:33:54","guid":{"rendered":"https:\/\/ifalpes.com\/equipo\/"},"modified":"2026-03-12T11:33:19","modified_gmt":"2026-03-12T11:33:19","slug":"equipo","status":"publish","type":"page","link":"https:\/\/ifalpes.com\/es\/sobre-ifalpes\/equipo\/","title":{"rendered":"Equipo"},"content":{"rendered":"\t\t<div data-elementor-type=\"wp-page\" data-elementor-id=\"21793\" class=\"elementor elementor-21793 elementor-137\" data-elementor-post-type=\"page\">\n\t\t\t\t\t\t<section class=\"elementor-section elementor-top-section elementor-element elementor-element-784c52e elementor-section-boxed elementor-section-height-default elementor-section-height-default\" data-id=\"784c52e\" data-element_type=\"section\" data-e-type=\"section\">\n\t\t\t\t\t\t<div class=\"elementor-container elementor-column-gap-default\">\n\t\t\t\t\t<div class=\"elementor-column elementor-col-100 elementor-top-column elementor-element elementor-element-31a30d0\" data-id=\"31a30d0\" data-element_type=\"column\" data-e-type=\"column\">\n\t\t\t<div class=\"elementor-widget-wrap elementor-element-populated\">\n\t\t\t\t\t\t<div class=\"elementor-element elementor-element-835f56a elementor-widget elementor-widget-heading\" data-id=\"835f56a\" data-element_type=\"widget\" data-e-type=\"widget\" data-widget_type=\"heading.default\">\n\t\t\t\t<div class=\"elementor-widget-container\">\n\t\t\t\t\t<h2 class=\"elementor-heading-title elementor-size-default\">Equipo administrativo<\/h2>\t\t\t\t<\/div>\n\t\t\t\t<\/div>\n\t\t\t\t\t<\/div>\n\t\t<\/div>\n\t\t\t\t\t<\/div>\n\t\t<\/section>\n\t\t\t\t<section class=\"elementor-section elementor-top-section elementor-element elementor-element-1528b40 elementor-section-boxed elementor-section-height-default elementor-section-height-default\" data-id=\"1528b40\" data-element_type=\"section\" data-e-type=\"section\">\n\t\t\t\t\t\t<div class=\"elementor-container elementor-column-gap-default\">\n\t\t\t\t\t<div class=\"elementor-column elementor-col-25 elementor-top-column elementor-element elementor-element-836cf2f\" data-id=\"836cf2f\" data-element_type=\"column\" data-e-type=\"column\">\n\t\t\t<div class=\"elementor-widget-wrap elementor-element-populated\">\n\t\t\t\t\t\t<div class=\"elementor-element elementor-element-1fd3691 elementor-widget elementor-widget-image\" data-id=\"1fd3691\" data-element_type=\"widget\" data-e-type=\"widget\" data-widget_type=\"image.default\">\n\t\t\t\t<div class=\"elementor-widget-container\">\n\t\t\t\t\t\t\t\t\t\t\t\t\t\t\t<img fetchpriority=\"high\" decoding=\"async\" width=\"600\" height=\"600\" src=\"https:\/\/ifalpes.com\/wp-content\/uploads\/2024\/09\/28.png\" class=\"attachment-large size-large wp-image-26963\" alt=\"\" srcset=\"https:\/\/ifalpes.com\/wp-content\/uploads\/2024\/09\/28.png 600w, https:\/\/ifalpes.com\/wp-content\/uploads\/2024\/09\/28-300x300.png 300w, https:\/\/ifalpes.com\/wp-content\/uploads\/2024\/09\/28-150x150.png 150w\" sizes=\"(max-width: 600px) 100vw, 600px\" \/>\t\t\t\t\t\t\t\t\t\t\t\t\t\t\t<\/div>\n\t\t\t\t<\/div>\n\t\t\t\t<div class=\"elementor-element elementor-element-971f55b elementor-widget elementor-widget-heading\" data-id=\"971f55b\" data-element_type=\"widget\" data-e-type=\"widget\" data-widget_type=\"heading.default\">\n\t\t\t\t<div class=\"elementor-widget-container\">\n\t\t\t\t\t<h3 class=\"elementor-heading-title elementor-size-default\">Emmanuel<\/h3>\t\t\t\t<\/div>\n\t\t\t\t<\/div>\n\t\t\t\t<div class=\"elementor-element elementor-element-9ad41a3 elementor-widget elementor-widget-heading\" data-id=\"9ad41a3\" data-element_type=\"widget\" data-e-type=\"widget\" data-widget_type=\"heading.default\">\n\t\t\t\t<div class=\"elementor-widget-container\">\n\t\t\t\t\t<p class=\"elementor-heading-title elementor-size-default\">Director del Centro<br>Director pedag\u00f3gico<\/p>\t\t\t\t<\/div>\n\t\t\t\t<\/div>\n\t\t\t\t\t<\/div>\n\t\t<\/div>\n\t\t\t\t<div class=\"elementor-column elementor-col-25 elementor-top-column elementor-element elementor-element-00d0533\" data-id=\"00d0533\" data-element_type=\"column\" data-e-type=\"column\">\n\t\t\t<div class=\"elementor-widget-wrap elementor-element-populated\">\n\t\t\t\t\t\t<div class=\"elementor-element elementor-element-849cb73 elementor-widget elementor-widget-image\" data-id=\"849cb73\" data-element_type=\"widget\" data-e-type=\"widget\" data-widget_type=\"image.default\">\n\t\t\t\t<div class=\"elementor-widget-container\">\n\t\t\t\t\t\t\t\t\t\t\t\t\t\t\t<img decoding=\"async\" width=\"641\" height=\"641\" src=\"https:\/\/ifalpes.com\/wp-content\/uploads\/2025\/11\/Steph.jpg\" class=\"attachment-large size-large wp-image-28881\" alt=\"\" srcset=\"https:\/\/ifalpes.com\/wp-content\/uploads\/2025\/11\/Steph.jpg 641w, https:\/\/ifalpes.com\/wp-content\/uploads\/2025\/11\/Steph-300x300.jpg 300w, https:\/\/ifalpes.com\/wp-content\/uploads\/2025\/11\/Steph-150x150.jpg 150w\" sizes=\"(max-width: 641px) 100vw, 641px\" \/>\t\t\t\t\t\t\t\t\t\t\t\t\t\t\t<\/div>\n\t\t\t\t<\/div>\n\t\t\t\t<div class=\"elementor-element elementor-element-2b8d17f elementor-widget elementor-widget-heading\" data-id=\"2b8d17f\" data-element_type=\"widget\" data-e-type=\"widget\" data-widget_type=\"heading.default\">\n\t\t\t\t<div class=\"elementor-widget-container\">\n\t\t\t\t\t<h3 class=\"elementor-heading-title elementor-size-default\">St\u00e9phanie<\/h3>\t\t\t\t<\/div>\n\t\t\t\t<\/div>\n\t\t\t\t<div class=\"elementor-element elementor-element-d97bb0d elementor-widget elementor-widget-heading\" data-id=\"d97bb0d\" data-element_type=\"widget\" data-e-type=\"widget\" data-widget_type=\"heading.default\">\n\t\t\t\t<div class=\"elementor-widget-container\">\n\t\t\t\t\t<p class=\"elementor-heading-title elementor-size-default\">Responsable de ventas y asociaciones<\/p>\t\t\t\t<\/div>\n\t\t\t\t<\/div>\n\t\t\t\t\t<\/div>\n\t\t<\/div>\n\t\t\t\t<div class=\"elementor-column elementor-col-25 elementor-top-column elementor-element elementor-element-ef31b6d\" data-id=\"ef31b6d\" data-element_type=\"column\" data-e-type=\"column\">\n\t\t\t<div class=\"elementor-widget-wrap elementor-element-populated\">\n\t\t\t\t\t\t<div class=\"elementor-element elementor-element-b365d3b elementor-widget elementor-widget-image\" data-id=\"b365d3b\" data-element_type=\"widget\" data-e-type=\"widget\" data-widget_type=\"image.default\">\n\t\t\t\t<div class=\"elementor-widget-container\">\n\t\t\t\t\t\t\t\t\t\t\t\t\t\t\t<img decoding=\"async\" width=\"600\" height=\"600\" src=\"https:\/\/ifalpes.com\/wp-content\/uploads\/2024\/09\/26.png\" class=\"attachment-full size-full wp-image-26955\" alt=\"\" srcset=\"https:\/\/ifalpes.com\/wp-content\/uploads\/2024\/09\/26.png 600w, https:\/\/ifalpes.com\/wp-content\/uploads\/2024\/09\/26-300x300.png 300w, https:\/\/ifalpes.com\/wp-content\/uploads\/2024\/09\/26-150x150.png 150w\" sizes=\"(max-width: 600px) 100vw, 600px\" \/>\t\t\t\t\t\t\t\t\t\t\t\t\t\t\t<\/div>\n\t\t\t\t<\/div>\n\t\t\t\t<div class=\"elementor-element elementor-element-75af427 elementor-widget elementor-widget-heading\" data-id=\"75af427\" data-element_type=\"widget\" data-e-type=\"widget\" data-widget_type=\"heading.default\">\n\t\t\t\t<div class=\"elementor-widget-container\">\n\t\t\t\t\t<h3 class=\"elementor-heading-title elementor-size-default\">Lucien<\/h3>\t\t\t\t<\/div>\n\t\t\t\t<\/div>\n\t\t\t\t<div class=\"elementor-element elementor-element-89079e4 elementor-widget elementor-widget-heading\" data-id=\"89079e4\" data-element_type=\"widget\" data-e-type=\"widget\" data-widget_type=\"heading.default\">\n\t\t\t\t<div class=\"elementor-widget-container\">\n\t\t\t\t\t<p class=\"elementor-heading-title elementor-size-default\">Responsable de recepci\u00f3n\/actividades<br>Responsable de calidad<\/p>\t\t\t\t<\/div>\n\t\t\t\t<\/div>\n\t\t\t\t\t<\/div>\n\t\t<\/div>\n\t\t\t\t<div class=\"elementor-column elementor-col-25 elementor-top-column elementor-element elementor-element-54d5de1\" data-id=\"54d5de1\" data-element_type=\"column\" data-e-type=\"column\">\n\t\t\t<div class=\"elementor-widget-wrap elementor-element-populated\">\n\t\t\t\t\t\t<div class=\"elementor-element elementor-element-e5b3ec0 elementor-widget elementor-widget-image\" data-id=\"e5b3ec0\" data-element_type=\"widget\" data-e-type=\"widget\" data-widget_type=\"image.default\">\n\t\t\t\t<div class=\"elementor-widget-container\">\n\t\t\t\t\t\t\t\t\t\t\t\t\t\t\t<img loading=\"lazy\" decoding=\"async\" width=\"600\" height=\"600\" src=\"https:\/\/ifalpes.com\/wp-content\/uploads\/2024\/09\/25.png\" class=\"attachment-large size-large wp-image-26951\" alt=\"\" srcset=\"https:\/\/ifalpes.com\/wp-content\/uploads\/2024\/09\/25.png 600w, https:\/\/ifalpes.com\/wp-content\/uploads\/2024\/09\/25-300x300.png 300w, https:\/\/ifalpes.com\/wp-content\/uploads\/2024\/09\/25-150x150.png 150w\" sizes=\"(max-width: 600px) 100vw, 600px\" \/>\t\t\t\t\t\t\t\t\t\t\t\t\t\t\t<\/div>\n\t\t\t\t<\/div>\n\t\t\t\t<div class=\"elementor-element elementor-element-1c3d6e2 elementor-widget elementor-widget-heading\" data-id=\"1c3d6e2\" data-element_type=\"widget\" data-e-type=\"widget\" data-widget_type=\"heading.default\">\n\t\t\t\t<div class=\"elementor-widget-container\">\n\t\t\t\t\t<h3 class=\"elementor-heading-title elementor-size-default\">Soline<\/h3>\t\t\t\t<\/div>\n\t\t\t\t<\/div>\n\t\t\t\t<div class=\"elementor-element elementor-element-baccfef elementor-widget elementor-widget-heading\" data-id=\"baccfef\" data-element_type=\"widget\" data-e-type=\"widget\" data-widget_type=\"heading.default\">\n\t\t\t\t<div class=\"elementor-widget-container\">\n\t\t\t\t\t<p class=\"elementor-heading-title elementor-size-default\">Remisi\u00f3n de ex\u00e1menes<br>Gestor de vivienda<\/p>\t\t\t\t<\/div>\n\t\t\t\t<\/div>\n\t\t\t\t\t<\/div>\n\t\t<\/div>\n\t\t\t\t\t<\/div>\n\t\t<\/section>\n\t\t\t\t<section class=\"elementor-section elementor-top-section elementor-element elementor-element-430b58d elementor-section-boxed elementor-section-height-default elementor-section-height-default\" data-id=\"430b58d\" data-element_type=\"section\" data-e-type=\"section\">\n\t\t\t\t\t\t<div class=\"elementor-container elementor-column-gap-default\">\n\t\t\t\t\t<div class=\"elementor-column elementor-col-100 elementor-top-column elementor-element elementor-element-7c16452\" data-id=\"7c16452\" data-element_type=\"column\" data-e-type=\"column\">\n\t\t\t<div class=\"elementor-widget-wrap elementor-element-populated\">\n\t\t\t\t\t\t<div class=\"elementor-element elementor-element-74c0229 elementor-widget elementor-widget-heading\" data-id=\"74c0229\" data-element_type=\"widget\" data-e-type=\"widget\" data-widget_type=\"heading.default\">\n\t\t\t\t<div class=\"elementor-widget-container\">\n\t\t\t\t\t<h2 class=\"elementor-heading-title elementor-size-default\">Equipo pedag\u00f3gico<\/h2>\t\t\t\t<\/div>\n\t\t\t\t<\/div>\n\t\t\t\t\t<\/div>\n\t\t<\/div>\n\t\t\t\t\t<\/div>\n\t\t<\/section>\n\t\t\t\t<section class=\"elementor-section elementor-top-section elementor-element elementor-element-42c5b47 elementor-section-boxed elementor-section-height-default elementor-section-height-default\" data-id=\"42c5b47\" data-element_type=\"section\" data-e-type=\"section\">\n\t\t\t\t\t\t<div class=\"elementor-container elementor-column-gap-default\">\n\t\t\t\t\t<div class=\"elementor-column elementor-col-25 elementor-top-column elementor-element elementor-element-45d8372\" data-id=\"45d8372\" data-element_type=\"column\" data-e-type=\"column\">\n\t\t\t<div class=\"elementor-widget-wrap elementor-element-populated\">\n\t\t\t\t\t\t<div class=\"elementor-element elementor-element-0d30c3e elementor-widget elementor-widget-image\" data-id=\"0d30c3e\" data-element_type=\"widget\" data-e-type=\"widget\" data-widget_type=\"image.default\">\n\t\t\t\t<div class=\"elementor-widget-container\">\n\t\t\t\t\t\t\t\t\t\t\t\t\t\t\t<img loading=\"lazy\" decoding=\"async\" width=\"600\" height=\"600\" src=\"https:\/\/ifalpes.com\/wp-content\/uploads\/2024\/09\/24.png\" class=\"attachment-large size-large wp-image-26947\" alt=\"\" srcset=\"https:\/\/ifalpes.com\/wp-content\/uploads\/2024\/09\/24.png 600w, https:\/\/ifalpes.com\/wp-content\/uploads\/2024\/09\/24-300x300.png 300w, https:\/\/ifalpes.com\/wp-content\/uploads\/2024\/09\/24-150x150.png 150w\" sizes=\"(max-width: 600px) 100vw, 600px\" \/>\t\t\t\t\t\t\t\t\t\t\t\t\t\t\t<\/div>\n\t\t\t\t<\/div>\n\t\t\t\t<div class=\"elementor-element elementor-element-75c5427 elementor-widget elementor-widget-heading\" data-id=\"75c5427\" data-element_type=\"widget\" data-e-type=\"widget\" data-widget_type=\"heading.default\">\n\t\t\t\t<div class=\"elementor-widget-container\">\n\t\t\t\t\t<h3 class=\"elementor-heading-title elementor-size-default\">Pascaline<\/h3>\t\t\t\t<\/div>\n\t\t\t\t<\/div>\n\t\t\t\t<div class=\"elementor-element elementor-element-98c907c elementor-widget elementor-widget-heading\" data-id=\"98c907c\" data-element_type=\"widget\" data-e-type=\"widget\" data-widget_type=\"heading.default\">\n\t\t\t\t<div class=\"elementor-widget-container\">\n\t\t\t\t\t<p class=\"elementor-heading-title elementor-size-default\">Profesora<\/p>\t\t\t\t<\/div>\n\t\t\t\t<\/div>\n\t\t\t\t\t<\/div>\n\t\t<\/div>\n\t\t\t\t<div class=\"elementor-column elementor-col-25 elementor-top-column elementor-element elementor-element-25953d9\" data-id=\"25953d9\" data-element_type=\"column\" data-e-type=\"column\">\n\t\t\t<div class=\"elementor-widget-wrap elementor-element-populated\">\n\t\t\t\t\t\t<div class=\"elementor-element elementor-element-81228a7 elementor-widget elementor-widget-image\" data-id=\"81228a7\" data-element_type=\"widget\" data-e-type=\"widget\" data-widget_type=\"image.default\">\n\t\t\t\t<div class=\"elementor-widget-container\">\n\t\t\t\t\t\t\t\t\t\t\t\t\t\t\t<img loading=\"lazy\" decoding=\"async\" width=\"1482\" height=\"1482\" src=\"https:\/\/ifalpes.com\/wp-content\/uploads\/2024\/10\/Sans-titre-1.png\" class=\"attachment-full size-full wp-image-27299\" alt=\"\" srcset=\"https:\/\/ifalpes.com\/wp-content\/uploads\/2024\/10\/Sans-titre-1.png 1482w, https:\/\/ifalpes.com\/wp-content\/uploads\/2024\/10\/Sans-titre-1-300x300.png 300w, https:\/\/ifalpes.com\/wp-content\/uploads\/2024\/10\/Sans-titre-1-1024x1024.png 1024w, https:\/\/ifalpes.com\/wp-content\/uploads\/2024\/10\/Sans-titre-1-150x150.png 150w, https:\/\/ifalpes.com\/wp-content\/uploads\/2024\/10\/Sans-titre-1-768x768.png 768w\" sizes=\"(max-width: 1482px) 100vw, 1482px\" \/>\t\t\t\t\t\t\t\t\t\t\t\t\t\t\t<\/div>\n\t\t\t\t<\/div>\n\t\t\t\t<div class=\"elementor-element elementor-element-865ab04 elementor-widget elementor-widget-heading\" data-id=\"865ab04\" data-element_type=\"widget\" data-e-type=\"widget\" data-widget_type=\"heading.default\">\n\t\t\t\t<div class=\"elementor-widget-container\">\n\t\t\t\t\t<h3 class=\"elementor-heading-title elementor-size-default\">Stephania<\/h3>\t\t\t\t<\/div>\n\t\t\t\t<\/div>\n\t\t\t\t<div class=\"elementor-element elementor-element-6a753cd elementor-widget elementor-widget-heading\" data-id=\"6a753cd\" data-element_type=\"widget\" data-e-type=\"widget\" data-widget_type=\"heading.default\">\n\t\t\t\t<div class=\"elementor-widget-container\">\n\t\t\t\t\t<p class=\"elementor-heading-title elementor-size-default\">Profesora<\/p>\t\t\t\t<\/div>\n\t\t\t\t<\/div>\n\t\t\t\t\t<\/div>\n\t\t<\/div>\n\t\t\t\t<div class=\"elementor-column elementor-col-25 elementor-top-column elementor-element elementor-element-ddf2440\" data-id=\"ddf2440\" data-element_type=\"column\" data-e-type=\"column\">\n\t\t\t<div class=\"elementor-widget-wrap elementor-element-populated\">\n\t\t\t\t\t\t<div class=\"elementor-element elementor-element-ce3d35d elementor-widget elementor-widget-image\" data-id=\"ce3d35d\" data-element_type=\"widget\" data-e-type=\"widget\" data-widget_type=\"image.default\">\n\t\t\t\t<div class=\"elementor-widget-container\">\n\t\t\t\t\t\t\t\t\t\t\t\t\t\t\t<img loading=\"lazy\" decoding=\"async\" width=\"360\" height=\"360\" src=\"https:\/\/ifalpes.com\/wp-content\/uploads\/2025\/02\/Leandre.png\" class=\"attachment-full size-full wp-image-27814\" alt=\"\" srcset=\"https:\/\/ifalpes.com\/wp-content\/uploads\/2025\/02\/Leandre.png 360w, https:\/\/ifalpes.com\/wp-content\/uploads\/2025\/02\/Leandre-300x300.png 300w, https:\/\/ifalpes.com\/wp-content\/uploads\/2025\/02\/Leandre-150x150.png 150w\" sizes=\"(max-width: 360px) 100vw, 360px\" \/>\t\t\t\t\t\t\t\t\t\t\t\t\t\t\t<\/div>\n\t\t\t\t<\/div>\n\t\t\t\t<div class=\"elementor-element elementor-element-c073f7a elementor-widget elementor-widget-heading\" data-id=\"c073f7a\" data-element_type=\"widget\" data-e-type=\"widget\" data-widget_type=\"heading.default\">\n\t\t\t\t<div class=\"elementor-widget-container\">\n\t\t\t\t\t<h3 class=\"elementor-heading-title elementor-size-default\">L\u00e9andre<\/h3>\t\t\t\t<\/div>\n\t\t\t\t<\/div>\n\t\t\t\t<div class=\"elementor-element elementor-element-2960e44 elementor-widget elementor-widget-heading\" data-id=\"2960e44\" data-element_type=\"widget\" data-e-type=\"widget\" data-widget_type=\"heading.default\">\n\t\t\t\t<div class=\"elementor-widget-container\">\n\t\t\t\t\t<p class=\"elementor-heading-title elementor-size-default\">Profesor<\/p>\t\t\t\t<\/div>\n\t\t\t\t<\/div>\n\t\t\t\t\t<\/div>\n\t\t<\/div>\n\t\t\t\t<div class=\"elementor-column elementor-col-25 elementor-top-column elementor-element elementor-element-72b575a\" data-id=\"72b575a\" data-element_type=\"column\" data-e-type=\"column\">\n\t\t\t<div class=\"elementor-widget-wrap elementor-element-populated\">\n\t\t\t\t\t\t<div class=\"elementor-element elementor-element-25079b0 elementor-widget elementor-widget-image\" data-id=\"25079b0\" data-element_type=\"widget\" data-e-type=\"widget\" data-widget_type=\"image.default\">\n\t\t\t\t<div class=\"elementor-widget-container\">\n\t\t\t\t\t\t\t\t\t\t\t\t\t\t\t<img loading=\"lazy\" decoding=\"async\" width=\"600\" height=\"600\" src=\"https:\/\/ifalpes.com\/wp-content\/uploads\/2026\/03\/Cecile.png\" class=\"attachment-full size-full wp-image-29175\" alt=\"\" srcset=\"https:\/\/ifalpes.com\/wp-content\/uploads\/2026\/03\/Cecile.png 600w, https:\/\/ifalpes.com\/wp-content\/uploads\/2026\/03\/Cecile-300x300.png 300w, https:\/\/ifalpes.com\/wp-content\/uploads\/2026\/03\/Cecile-150x150.png 150w\" sizes=\"(max-width: 600px) 100vw, 600px\" \/>\t\t\t\t\t\t\t\t\t\t\t\t\t\t\t<\/div>\n\t\t\t\t<\/div>\n\t\t\t\t<div class=\"elementor-element elementor-element-9aec9dd elementor-widget elementor-widget-heading\" data-id=\"9aec9dd\" data-element_type=\"widget\" data-e-type=\"widget\" data-widget_type=\"heading.default\">\n\t\t\t\t<div class=\"elementor-widget-container\">\n\t\t\t\t\t<h3 class=\"elementor-heading-title elementor-size-default\">C\u00e9cile<\/h3>\t\t\t\t<\/div>\n\t\t\t\t<\/div>\n\t\t\t\t<div class=\"elementor-element elementor-element-49d5e43 elementor-widget elementor-widget-heading\" data-id=\"49d5e43\" data-element_type=\"widget\" data-e-type=\"widget\" data-widget_type=\"heading.default\">\n\t\t\t\t<div class=\"elementor-widget-container\">\n\t\t\t\t\t<p class=\"elementor-heading-title elementor-size-default\">Profesora<\/p>\t\t\t\t<\/div>\n\t\t\t\t<\/div>\n\t\t\t\t\t<\/div>\n\t\t<\/div>\n\t\t\t\t\t<\/div>\n\t\t<\/section>\n\t\t\t\t<\/div>\n\t\t","protected":false},"excerpt":{"rendered":"<p>Equipo administrativo Emmanuel Director del CentroDirector pedag\u00f3gico St\u00e9phanie Responsable de ventas y asociaciones Lucien Responsable de recepci\u00f3n\/actividadesResponsable de calidad Soline Remisi\u00f3n de ex\u00e1menesGestor de vivienda Equipo pedag\u00f3gico Pascaline Profesora Stephania Profesora L\u00e9andre Profesor C\u00e9cile Profesora<\/p>\n","protected":false},"author":1,"featured_media":21226,"parent":21795,"menu_order":0,"comment_status":"closed","ping_status":"closed","template":"","meta":{"_acf_changed":false,"content-type":"","footnotes":""},"class_list":["post-21793","page","type-page","status-publish","has-post-thumbnail","hentry"],"acf":[],"_links":{"self":[{"href":"https:\/\/ifalpes.com\/es\/wp-json\/wp\/v2\/pages\/21793","targetHints":{"allow":["GET"]}}],"collection":[{"href":"https:\/\/ifalpes.com\/es\/wp-json\/wp\/v2\/pages"}],"about":[{"href":"https:\/\/ifalpes.com\/es\/wp-json\/wp\/v2\/types\/page"}],"author":[{"embeddable":true,"href":"https:\/\/ifalpes.com\/es\/wp-json\/wp\/v2\/users\/1"}],"replies":[{"embeddable":true,"href":"https:\/\/ifalpes.com\/es\/wp-json\/wp\/v2\/comments?post=21793"}],"version-history":[{"count":13,"href":"https:\/\/ifalpes.com\/es\/wp-json\/wp\/v2\/pages\/21793\/revisions"}],"predecessor-version":[{"id":29180,"href":"https:\/\/ifalpes.com\/es\/wp-json\/wp\/v2\/pages\/21793\/revisions\/29180"}],"up":[{"embeddable":true,"href":"https:\/\/ifalpes.com\/es\/wp-json\/wp\/v2\/pages\/21795"}],"wp:featuredmedia":[{"embeddable":true,"href":"https:\/\/ifalpes.com\/es\/wp-json\/wp\/v2\/media\/21226"}],"wp:attachment":[{"href":"https:\/\/ifalpes.com\/es\/wp-json\/wp\/v2\/media?parent=21793"}],"curies":[{"name":"wp","href":"https:\/\/api.w.org\/{rel}","templated":true}]}}