{"id":21791,"date":"2022-06-30T08:33:41","date_gmt":"2022-06-30T08:33:41","guid":{"rendered":"https:\/\/ifalpes.com\/escuela\/"},"modified":"2025-10-27T09:14:06","modified_gmt":"2025-10-27T09:14:06","slug":"school","status":"publish","type":"page","link":"https:\/\/ifalpes.com\/es\/sobre-ifalpes\/school\/","title":{"rendered":"Presentaci\u00f3n escolar"},"content":{"rendered":"\t\t<div data-elementor-type=\"wp-page\" data-elementor-id=\"21791\" class=\"elementor elementor-21791 elementor-135\" data-elementor-post-type=\"page\">\n\t\t\t\t\t\t<section class=\"elementor-section elementor-top-section elementor-element elementor-element-5737c62 elementor-section-boxed elementor-section-height-default elementor-section-height-default\" data-id=\"5737c62\" data-element_type=\"section\" data-e-type=\"section\">\n\t\t\t\t\t\t<div class=\"elementor-container elementor-column-gap-default\">\n\t\t\t\t\t<div class=\"elementor-column elementor-col-50 elementor-top-column elementor-element elementor-element-3712d9b\" data-id=\"3712d9b\" data-element_type=\"column\" data-e-type=\"column\">\n\t\t\t<div class=\"elementor-widget-wrap elementor-element-populated\">\n\t\t\t\t\t\t<div class=\"elementor-element elementor-element-ca8cbea elementor-widget elementor-widget-heading\" data-id=\"ca8cbea\" data-element_type=\"widget\" data-e-type=\"widget\" data-widget_type=\"heading.default\">\n\t\t\t\t<div class=\"elementor-widget-container\">\n\t\t\t\t\t<h2 class=\"elementor-heading-title elementor-size-default\">IFALPES, escuela de franc\u00e9s como lengua extranjera<\/h2>\t\t\t\t<\/div>\n\t\t\t\t<\/div>\n\t\t\t\t<div class=\"elementor-element elementor-element-8d25699 elementor-widget elementor-widget-text-editor\" data-id=\"8d25699\" data-element_type=\"widget\" data-e-type=\"widget\" data-widget_type=\"text-editor.default\">\n\t\t\t\t<div class=\"elementor-widget-container\">\n\t\t\t\t\t\t\t\t\t<p>IFALPES, escuela de franc\u00e9s como lengua extranjera IFALPES es una instituci\u00f3n privada de ense\u00f1anza superior. Estamos especializados desde hace m\u00e1s de 30 a\u00f1os en la ense\u00f1anza del franc\u00e9s como lengua extranjera (FLE) y acogemos a lo largo del a\u00f1o a m\u00e1s de 600 estudiantes procedentes de los 5 continentes.<\/p><p>Organizamos estancias ling\u00fc\u00edsticas para adultos o j\u00f3venes, para grupos o individuales, donde estudiantes de todas las edades y nacionalidades se re\u00fanen en un ambiente agradable y acogedor.<\/p><p>La calidad de nuestros cursos est\u00e1 garantizada por nuestro equipo de profesores muy experimentados y apasionados por su profesi\u00f3n. Nuestros estudiantes se alojan principalmente en familias de acogida y ponemos especial cuidado en la selecci\u00f3n y evaluaci\u00f3n de las mismas. Adem\u00e1s, como creemos que la mejor manera de aprender un idioma es sumergirse en su cultura y tradiciones, ofrecemos un programa muy rico de actividades culturales y de relajaci\u00f3n.<\/p>\t\t\t\t\t\t\t\t<\/div>\n\t\t\t\t<\/div>\n\t\t\t\t\t<\/div>\n\t\t<\/div>\n\t\t\t\t<div class=\"elementor-column elementor-col-50 elementor-top-column elementor-element elementor-element-1016dc6\" data-id=\"1016dc6\" data-element_type=\"column\" data-e-type=\"column\">\n\t\t\t<div class=\"elementor-widget-wrap elementor-element-populated\">\n\t\t\t\t\t\t<div class=\"elementor-element elementor-element-849f76c elementor-widget elementor-widget-video\" data-id=\"849f76c\" data-element_type=\"widget\" data-e-type=\"widget\" data-settings=\"{&quot;youtube_url&quot;:&quot;https:\\\/\\\/youtu.be\\\/lXDLsHXBVA4?si=pYri-6a_qtRX-IUK&quot;,&quot;autoplay&quot;:&quot;yes&quot;,&quot;mute&quot;:&quot;yes&quot;,&quot;loop&quot;:&quot;yes&quot;,&quot;video_type&quot;:&quot;youtube&quot;}\" data-widget_type=\"video.default\">\n\t\t\t\t<div class=\"elementor-widget-container\">\n\t\t\t\t\t\t\t<div class=\"elementor-wrapper elementor-open-inline\">\n\t\t\t<div class=\"elementor-video\"><\/div>\t\t<\/div>\n\t\t\t\t\t\t<\/div>\n\t\t\t\t<\/div>\n\t\t\t\t\t<\/div>\n\t\t<\/div>\n\t\t\t\t\t<\/div>\n\t\t<\/section>\n\t\t\t\t<section class=\"elementor-section elementor-top-section elementor-element elementor-element-2bb53e0 elementor-section-boxed elementor-section-height-default elementor-section-height-default\" data-id=\"2bb53e0\" data-element_type=\"section\" data-e-type=\"section\">\n\t\t\t\t\t\t<div class=\"elementor-container elementor-column-gap-default\">\n\t\t\t\t\t<div class=\"elementor-column elementor-col-100 elementor-top-column elementor-element elementor-element-8127c66\" data-id=\"8127c66\" data-element_type=\"column\" data-e-type=\"column\">\n\t\t\t<div class=\"elementor-widget-wrap elementor-element-populated\">\n\t\t\t\t\t\t<div class=\"elementor-element elementor-element-e736980 elementor-arrows-position-inside elementor-pagination-position-outside elementor-widget elementor-widget-image-carousel\" data-id=\"e736980\" data-element_type=\"widget\" data-e-type=\"widget\" data-settings=\"{&quot;navigation&quot;:&quot;both&quot;,&quot;autoplay&quot;:&quot;yes&quot;,&quot;pause_on_hover&quot;:&quot;yes&quot;,&quot;pause_on_interaction&quot;:&quot;yes&quot;,&quot;autoplay_speed&quot;:5000,&quot;infinite&quot;:&quot;yes&quot;,&quot;speed&quot;:500}\" data-widget_type=\"image-carousel.default\">\n\t\t\t\t<div class=\"elementor-widget-container\">\n\t\t\t\t\t\t\t<div class=\"elementor-image-carousel-wrapper swiper\" role=\"region\" aria-roledescription=\"carousel\" aria-label=\"Image Carousel\" dir=\"ltr\">\n\t\t\t<div class=\"elementor-image-carousel swiper-wrapper\" aria-live=\"off\">\n\t\t\t\t\t\t\t\t<div class=\"swiper-slide\" role=\"group\" aria-roledescription=\"slide\" aria-label=\"1 de 9\"><figure class=\"swiper-slide-inner\"><img decoding=\"async\" class=\"swiper-slide-image\" src=\"https:\/\/ifalpes.com\/wp-content\/uploads\/2024\/09\/Le-campus3-min-300x200.jpg\" alt=\"Le campus(3)-min\" \/><\/figure><\/div><div class=\"swiper-slide\" role=\"group\" aria-roledescription=\"slide\" aria-label=\"2 de 9\"><figure class=\"swiper-slide-inner\"><img decoding=\"async\" class=\"swiper-slide-image\" src=\"https:\/\/ifalpes.com\/wp-content\/uploads\/2024\/09\/Ifalpes_Annecy_2018_Like_That_HD-67-min-300x200.jpg\" alt=\"Ifalpes_Annecy_2018_Like_That_HD-67-min\" \/><\/figure><\/div><div class=\"swiper-slide\" role=\"group\" aria-roledescription=\"slide\" aria-label=\"3 de 9\"><figure class=\"swiper-slide-inner\"><img decoding=\"async\" class=\"swiper-slide-image\" src=\"https:\/\/ifalpes.com\/wp-content\/uploads\/2024\/09\/9P7A9404-min-300x200.jpg\" alt=\"9P7A9404-min\" \/><\/figure><\/div><div class=\"swiper-slide\" role=\"group\" aria-roledescription=\"slide\" aria-label=\"4 de 9\"><figure class=\"swiper-slide-inner\"><img decoding=\"async\" class=\"swiper-slide-image\" src=\"https:\/\/ifalpes.com\/wp-content\/uploads\/2024\/09\/05_KLF_ANNECY_158_websize-300x200.jpg\" alt=\"KLF 2024 Annecy\" \/><\/figure><\/div><div class=\"swiper-slide\" role=\"group\" aria-roledescription=\"slide\" aria-label=\"5 de 9\"><figure class=\"swiper-slide-inner\"><img decoding=\"async\" class=\"swiper-slide-image\" src=\"https:\/\/ifalpes.com\/wp-content\/uploads\/2024\/09\/05_KLF_ANNECY_227_websize-300x200.jpg\" alt=\"KLF 2024 Annecy\" \/><\/figure><\/div><div class=\"swiper-slide\" role=\"group\" aria-roledescription=\"slide\" aria-label=\"6 de 9\"><figure class=\"swiper-slide-inner\"><img decoding=\"async\" class=\"swiper-slide-image\" src=\"https:\/\/ifalpes.com\/wp-content\/uploads\/2024\/09\/05_KLF_ANNECY_256_websize-300x200.jpg\" alt=\"KLF 2024 Annecy\" \/><\/figure><\/div><div class=\"swiper-slide\" role=\"group\" aria-roledescription=\"slide\" aria-label=\"7 de 9\"><figure class=\"swiper-slide-inner\"><img decoding=\"async\" class=\"swiper-slide-image\" src=\"https:\/\/ifalpes.com\/wp-content\/uploads\/2024\/09\/05_KLF_ANNECY_267_websize-300x200.jpg\" alt=\"KLF 2024 Annecy\" \/><\/figure><\/div><div class=\"swiper-slide\" role=\"group\" aria-roledescription=\"slide\" aria-label=\"8 de 9\"><figure class=\"swiper-slide-inner\"><img decoding=\"async\" class=\"swiper-slide-image\" src=\"https:\/\/ifalpes.com\/wp-content\/uploads\/2024\/09\/05_KLF_ANNECY_122_websize-300x200.jpg\" alt=\"KLF 2024 Annecy\" \/><\/figure><\/div><div class=\"swiper-slide\" role=\"group\" aria-roledescription=\"slide\" aria-label=\"9 de 9\"><figure class=\"swiper-slide-inner\"><img decoding=\"async\" class=\"swiper-slide-image\" src=\"https:\/\/ifalpes.com\/wp-content\/uploads\/2024\/09\/05_KLF_ANNECY_115_websize-300x200.jpg\" alt=\"KLF 2024 Annecy\" \/><\/figure><\/div>\t\t\t<\/div>\n\t\t\t\t\t\t\t\t\t\t\t\t<div class=\"elementor-swiper-button elementor-swiper-button-prev\" role=\"button\" tabindex=\"0\">\n\t\t\t\t\t\t<i aria-hidden=\"true\" class=\"eicon-chevron-left\"><\/i>\t\t\t\t\t<\/div>\n\t\t\t\t\t<div class=\"elementor-swiper-button elementor-swiper-button-next\" role=\"button\" tabindex=\"0\">\n\t\t\t\t\t\t<i aria-hidden=\"true\" class=\"eicon-chevron-right\"><\/i>\t\t\t\t\t<\/div>\n\t\t\t\t\n\t\t\t\t\t\t\t\t\t<div class=\"swiper-pagination\"><\/div>\n\t\t\t\t\t\t\t\t\t<\/div>\n\t\t\t\t\t\t<\/div>\n\t\t\t\t<\/div>\n\t\t\t\t\t<\/div>\n\t\t<\/div>\n\t\t\t\t\t<\/div>\n\t\t<\/section>\n\t\t\t\t<section class=\"elementor-section elementor-top-section elementor-element elementor-element-44f27c0 elementor-section-boxed elementor-section-height-default elementor-section-height-default\" data-id=\"44f27c0\" data-element_type=\"section\" data-e-type=\"section\">\n\t\t\t\t\t\t<div class=\"elementor-container elementor-column-gap-default\">\n\t\t\t\t\t<div class=\"elementor-column elementor-col-100 elementor-top-column elementor-element elementor-element-a0b58ac\" data-id=\"a0b58ac\" data-element_type=\"column\" data-e-type=\"column\">\n\t\t\t<div class=\"elementor-widget-wrap elementor-element-populated\">\n\t\t\t\t\t\t<div class=\"elementor-element elementor-element-cab25a6 elementor-widget elementor-widget-heading\" data-id=\"cab25a6\" data-element_type=\"widget\" data-e-type=\"widget\" data-widget_type=\"heading.default\">\n\t\t\t\t<div class=\"elementor-widget-container\">\n\t\t\t\t\t<h3 class=\"elementor-heading-title elementor-size-default\">Escuela francesa en Annecy<\/h3>\t\t\t\t<\/div>\n\t\t\t\t<\/div>\n\t\t\t\t<div class=\"elementor-element elementor-element-e4be0f4 elementor-widget elementor-widget-text-editor\" data-id=\"e4be0f4\" data-element_type=\"widget\" data-e-type=\"widget\" data-widget_type=\"text-editor.default\">\n\t\t\t\t<div class=\"elementor-widget-container\">\n\t\t\t\t\t\t\t\t\t<p>IFALPES est\u00e1 situada a 8 minutos a pie de la estaci\u00f3n y del centro hist\u00f3rico de Annecy. Nuestra escuela ofrece todas las facilidades para aprender franc\u00e9s en las mejores condiciones.<\/p><p>Nuestro centro para adultos fue completamente renovado en 2018. Su ambiente c\u00e1lido y sus modernas instalaciones ofrecen a nuestros alumnos la oportunidad de aprender franc\u00e9s en condiciones \u00f3ptimas.<\/p><p>El centro dispone de :<\/p><p> <\/p><ul><li>4 aulas luminosas y totalmente equipadas<\/li><li>acceso a Internet de alta velocidad con WIFI gratuito en todo el edificio<\/li><li>una zona de descanso con una m\u00e1quina expendedora de bebidas calientes -caf\u00e9, t\u00e9, chocolate- y aperitivos<\/li><li>un jard\u00edn contiguo<\/li><li>una cafeter\u00eda equipada con frigor\u00edficos y microondas para las pausas del almuerzo<\/li><li>una sala de documentaci\u00f3n<\/li><li>informaci\u00f3n tur\u00edstica: gu\u00edas, folletos, peri\u00f3dicos, programas culturales.<\/li><\/ul>\t\t\t\t\t\t\t\t<\/div>\n\t\t\t\t<\/div>\n\t\t\t\t\t<\/div>\n\t\t<\/div>\n\t\t\t\t\t<\/div>\n\t\t<\/section>\n\t\t\t\t<section class=\"elementor-section elementor-top-section elementor-element elementor-element-4a29798 elementor-section-boxed elementor-section-height-default elementor-section-height-default\" data-id=\"4a29798\" data-element_type=\"section\" data-e-type=\"section\">\n\t\t\t\t\t\t<div class=\"elementor-container elementor-column-gap-default\">\n\t\t\t\t\t<div class=\"elementor-column elementor-col-66 elementor-top-column elementor-element elementor-element-d3529a5\" data-id=\"d3529a5\" data-element_type=\"column\" data-e-type=\"column\">\n\t\t\t<div class=\"elementor-widget-wrap elementor-element-populated\">\n\t\t\t\t\t\t<div class=\"elementor-element elementor-element-24468e8 elementor-widget elementor-widget-heading\" data-id=\"24468e8\" data-element_type=\"widget\" data-e-type=\"widget\" data-widget_type=\"heading.default\">\n\t\t\t\t<div class=\"elementor-widget-container\">\n\t\t\t\t\t<h2 class=\"elementor-heading-title elementor-size-default\">Accesibilidad<\/h2>\t\t\t\t<\/div>\n\t\t\t\t<\/div>\n\t\t\t\t<div class=\"elementor-element elementor-element-9e9ad2d elementor-widget elementor-widget-text-editor\" data-id=\"9e9ad2d\" data-element_type=\"widget\" data-e-type=\"widget\" data-widget_type=\"text-editor.default\">\n\t\t\t\t<div class=\"elementor-widget-container\">\n\t\t\t\t\t\t\t\t\t<p>IFALPES est\u00e1 situado en la planta baja de un edificio. Todas nuestras aulas son accesibles en silla de ruedas, as\u00ed como las zonas comunes. Las instalaciones tambi\u00e9n cuentan con aseos para personas con discapacidad.<\/p>\t\t\t\t\t\t\t\t<\/div>\n\t\t\t\t<\/div>\n\t\t\t\t\t<\/div>\n\t\t<\/div>\n\t\t\t\t<div class=\"elementor-column elementor-col-33 elementor-top-column elementor-element elementor-element-b3a73d7\" data-id=\"b3a73d7\" data-element_type=\"column\" data-e-type=\"column\" data-settings=\"{&quot;background_background&quot;:&quot;classic&quot;}\">\n\t\t\t<div class=\"elementor-widget-wrap\">\n\t\t\t\t\t\t\t<\/div>\n\t\t<\/div>\n\t\t\t\t\t<\/div>\n\t\t<\/section>\n\t\t\t\t<\/div>\n\t\t","protected":false},"excerpt":{"rendered":"<p>IFALPES, escuela de franc\u00e9s como lengua extranjera IFALPES, escuela de franc\u00e9s como lengua extranjera IFALPES es una instituci\u00f3n privada de ense\u00f1anza superior. Estamos especializados desde hace m\u00e1s de 30 a\u00f1os en la ense\u00f1anza del franc\u00e9s como lengua extranjera (FLE) y acogemos a lo largo del a\u00f1o a m\u00e1s de 600 estudiantes procedentes de los 5 [&hellip;]<\/p>\n","protected":false},"author":1,"featured_media":21220,"parent":21795,"menu_order":0,"comment_status":"closed","ping_status":"closed","template":"","meta":{"_acf_changed":false,"content-type":"","footnotes":""},"class_list":["post-21791","page","type-page","status-publish","has-post-thumbnail","hentry"],"acf":[],"_links":{"self":[{"href":"https:\/\/ifalpes.com\/es\/wp-json\/wp\/v2\/pages\/21791","targetHints":{"allow":["GET"]}}],"collection":[{"href":"https:\/\/ifalpes.com\/es\/wp-json\/wp\/v2\/pages"}],"about":[{"href":"https:\/\/ifalpes.com\/es\/wp-json\/wp\/v2\/types\/page"}],"author":[{"embeddable":true,"href":"https:\/\/ifalpes.com\/es\/wp-json\/wp\/v2\/users\/1"}],"replies":[{"embeddable":true,"href":"https:\/\/ifalpes.com\/es\/wp-json\/wp\/v2\/comments?post=21791"}],"version-history":[{"count":6,"href":"https:\/\/ifalpes.com\/es\/wp-json\/wp\/v2\/pages\/21791\/revisions"}],"predecessor-version":[{"id":28520,"href":"https:\/\/ifalpes.com\/es\/wp-json\/wp\/v2\/pages\/21791\/revisions\/28520"}],"up":[{"embeddable":true,"href":"https:\/\/ifalpes.com\/es\/wp-json\/wp\/v2\/pages\/21795"}],"wp:featuredmedia":[{"embeddable":true,"href":"https:\/\/ifalpes.com\/es\/wp-json\/wp\/v2\/media\/21220"}],"wp:attachment":[{"href":"https:\/\/ifalpes.com\/es\/wp-json\/wp\/v2\/media?parent=21791"}],"curies":[{"name":"wp","href":"https:\/\/api.w.org\/{rel}","templated":true}]}}