{"id":21459,"date":"2022-12-13T17:36:11","date_gmt":"2022-12-13T17:36:11","guid":{"rendered":"https:\/\/ifalpes.com\/adultos-solicitud-reserva\/"},"modified":"2025-09-03T09:32:51","modified_gmt":"2025-09-03T09:32:51","slug":"adultos-solicitud-reserva","status":"publish","type":"page","link":"https:\/\/ifalpes.com\/es\/adultos-solicitud-reserva\/","title":{"rendered":"Solicitud de reserva"},"content":{"rendered":"\t\t<div data-elementor-type=\"wp-page\" data-elementor-id=\"21459\" class=\"elementor elementor-21459 elementor-21450\" data-elementor-post-type=\"page\">\n\t\t\t\t\t\t<section class=\"elementor-section elementor-top-section elementor-element elementor-element-e2946ac elementor-section-boxed elementor-section-height-default elementor-section-height-default\" data-id=\"e2946ac\" data-element_type=\"section\" data-e-type=\"section\">\n\t\t\t\t\t\t<div class=\"elementor-container elementor-column-gap-default\">\n\t\t\t\t\t<div class=\"elementor-column elementor-col-100 elementor-top-column elementor-element elementor-element-5757409\" data-id=\"5757409\" data-element_type=\"column\" data-e-type=\"column\">\n\t\t\t<div class=\"elementor-widget-wrap elementor-element-populated\">\n\t\t\t\t\t\t<div class=\"elementor-element elementor-element-0c1313f elementor-widget elementor-widget-text-editor\" data-id=\"0c1313f\" data-element_type=\"widget\" data-e-type=\"widget\" data-widget_type=\"text-editor.default\">\n\t\t\t\t<div class=\"elementor-widget-container\">\n\t\t\t\t\t\t\t\t\t<h2>Reserva tu plaza en IFAlpes Annecy en s\u00f3lo 3 minutos.<\/h2><p>Disfrute de una estancia inolvidable en Annecy.<\/p><p><span style=\"font-family: -apple-system, BlinkMacSystemFont, 'Segoe UI', Roboto, 'Helvetica Neue', Arial, 'Noto Sans', sans-serif, 'Apple Color Emoji', 'Segoe UI Emoji', 'Segoe UI Symbol', 'Noto Color Emoji'; font-size: 1rem;\">Rellene nuestro formulario de inscripci\u00f3n y reserve nuestros cursos. <\/span>Crea y compra en l\u00ednea sus vacaciones a medida, eligiendo su curso de franc\u00e9s, alojamiento y otras opciones.<\/p><p>Nuestros asesores educativos se pondr\u00e1n en contacto con usted para confirmar su inscripci\u00f3n y responder a cualquier pregunta que pueda tener.<\/p>\t\t\t\t\t\t\t\t<\/div>\n\t\t\t\t<\/div>\n\t\t\t\t<div class=\"elementor-element elementor-element-ce13286 elementor-widget-divider--view-line elementor-widget elementor-widget-divider\" data-id=\"ce13286\" data-element_type=\"widget\" data-e-type=\"widget\" data-widget_type=\"divider.default\">\n\t\t\t\t<div class=\"elementor-widget-container\">\n\t\t\t\t\t\t\t<div class=\"elementor-divider\">\n\t\t\t<span class=\"elementor-divider-separator\">\n\t\t\t\t\t\t<\/span>\n\t\t<\/div>\n\t\t\t\t\t\t<\/div>\n\t\t\t\t<\/div>\n\t\t\t\t<div class=\"elementor-element elementor-element-3c7f7ee elementor-align-center elementor-widget elementor-widget-button\" data-id=\"3c7f7ee\" data-element_type=\"widget\" data-e-type=\"widget\" data-widget_type=\"button.default\">\n\t\t\t\t<div class=\"elementor-widget-container\">\n\t\t\t\t\t\t\t\t\t<div class=\"elementor-button-wrapper\">\n\t\t\t\t\t<a class=\"elementor-button elementor-button-link elementor-size-lg\" href=\"https:\/\/ifalpes.com\/es\/formulario-de-reserva-para-adultos-2024\/\" target=\"_blank\">\n\t\t\t\t\t\t<span class=\"elementor-button-content-wrapper\">\n\t\t\t\t\t\t\t\t\t<span class=\"elementor-button-text\">Reservas cursos para adultos y mayores<\/span>\n\t\t\t\t\t<\/span>\n\t\t\t\t\t<\/a>\n\t\t\t\t<\/div>\n\t\t\t\t\t\t\t\t<\/div>\n\t\t\t\t<\/div>\n\t\t\t\t<div class=\"elementor-element elementor-element-23daaff elementor-widget-divider--view-line elementor-widget elementor-widget-divider\" data-id=\"23daaff\" data-element_type=\"widget\" data-e-type=\"widget\" data-widget_type=\"divider.default\">\n\t\t\t\t<div class=\"elementor-widget-container\">\n\t\t\t\t\t\t\t<div class=\"elementor-divider\">\n\t\t\t<span class=\"elementor-divider-separator\">\n\t\t\t\t\t\t<\/span>\n\t\t<\/div>\n\t\t\t\t\t\t<\/div>\n\t\t\t\t<\/div>\n\t\t\t\t<div class=\"elementor-element elementor-element-e88acd3 elementor-align-center elementor-widget elementor-widget-button\" data-id=\"e88acd3\" data-element_type=\"widget\" data-e-type=\"widget\" data-widget_type=\"button.default\">\n\t\t\t\t<div class=\"elementor-widget-container\">\n\t\t\t\t\t\t\t\t\t<div class=\"elementor-button-wrapper\">\n\t\t\t\t\t<a class=\"elementor-button elementor-button-link elementor-size-lg\" href=\"https:\/\/ifalpes.com\/es\/reserva-clases-frances-nocturnas-en-linea\/\" target=\"_blank\">\n\t\t\t\t\t\t<span class=\"elementor-button-content-wrapper\">\n\t\t\t\t\t\t\t\t\t<span class=\"elementor-button-text\">Reserva de cursos en l\u00ednea<\/span>\n\t\t\t\t\t<\/span>\n\t\t\t\t\t<\/a>\n\t\t\t\t<\/div>\n\t\t\t\t\t\t\t\t<\/div>\n\t\t\t\t<\/div>\n\t\t\t\t<div class=\"elementor-element elementor-element-ee3f6f5 elementor-widget-divider--view-line elementor-widget elementor-widget-divider\" data-id=\"ee3f6f5\" data-element_type=\"widget\" data-e-type=\"widget\" data-widget_type=\"divider.default\">\n\t\t\t\t<div class=\"elementor-widget-container\">\n\t\t\t\t\t\t\t<div class=\"elementor-divider\">\n\t\t\t<span class=\"elementor-divider-separator\">\n\t\t\t\t\t\t<\/span>\n\t\t<\/div>\n\t\t\t\t\t\t<\/div>\n\t\t\t\t<\/div>\n\t\t\t\t<div class=\"elementor-element elementor-element-49d3db0 elementor-align-center elementor-widget elementor-widget-button\" data-id=\"49d3db0\" data-element_type=\"widget\" data-e-type=\"widget\" data-widget_type=\"button.default\">\n\t\t\t\t<div class=\"elementor-widget-container\">\n\t\t\t\t\t\t\t\t\t<div class=\"elementor-button-wrapper\">\n\t\t\t\t\t<a class=\"elementor-button elementor-button-link elementor-size-lg\" href=\"https:\/\/klf.fr\/french-junior-camp-in-annecy\/booking\/\" target=\"_blank\" rel=\"noopener\">\n\t\t\t\t\t\t<span class=\"elementor-button-content-wrapper\">\n\t\t\t\t\t\t\t\t\t<span class=\"elementor-button-text\">Inscripcion en el programa junior<\/span>\n\t\t\t\t\t<\/span>\n\t\t\t\t\t<\/a>\n\t\t\t\t<\/div>\n\t\t\t\t\t\t\t\t<\/div>\n\t\t\t\t<\/div>\n\t\t\t\t<div class=\"elementor-element elementor-element-59f1dbc elementor-widget elementor-widget-text-editor\" data-id=\"59f1dbc\" data-element_type=\"widget\" data-e-type=\"widget\" data-widget_type=\"text-editor.default\">\n\t\t\t\t<div class=\"elementor-widget-container\">\n\t\t\t\t\t\t\t\t\t<p style=\"text-align: center;\"><em>*Para reservas de \u00faltima hora (menos de 4 d\u00edas antes del comienzo del curso), p\u00f3ngase en contacto con nosotros antes en <a style=\"font-family: -apple-system, BlinkMacSystemFont, 'Segoe UI', Roboto, 'Helvetica Neue', Arial, 'Noto Sans', sans-serif, 'Apple Color Emoji', 'Segoe UI Emoji', 'Segoe UI Symbol', 'Noto Color Emoji'; background-color: #ffffff; font-size: 1rem;\" href=\"mailto:info@ifalpes.com\" target=\"_blank\" rel=\"noopener\">info@ifalpes.com<\/a>, para comprobar la disponibilidad.<\/em><\/p><p style=\"text-align: center;\"><em>*Todas las inscripciones s\u00f3lo se considerar\u00e1n v\u00e1lidas una vez recibido el pago.<\/em><\/p><p style=\"text-align: center;\"><em>* Clases por la ma\u00f1ana o por la tarde dependiendo de su nivel y de la carga lectiva de la escuela.<\/em><\/p><p style=\"text-align: center;\"><em><span style=\"color: #000000; font-family: Roboto, sans-serif;\">* Atenci\u00f3n: durante los d\u00edas festivos y de acuerdo con nuestras condiciones generales de venta, la escuela permanecer\u00e1 cerrada y no se ofrecer\u00e1n clases de recuperaci\u00f3n. * Atenci\u00f3n: durante los d\u00edas festivos y de acuerdo con nuestras condiciones generales de venta, la escuela permanecer\u00e1 cerrada y no se ofrecer\u00e1n clases de recuperaci\u00f3n. Las escuelas permanecer\u00e1n cerradas los siguientes d\u00edas festivos: 15\/08\/25 \u2013 11\/11\/25 \u2013 y 2026: 1 de enero | 6 de abril | 1 de mayo | 8 de mayo | 25 de mayo | 14 de julio | 11 de noviembre<\/span><\/em><\/p><p style=\"caret-color: #000000; color: #000000; text-align: center;\"><em>*\u00a1Tenga en cuenta! Para los principiantes absolutos, nivel A0, habr\u00e1 fechas de inicio espec\u00edficas. <\/em><\/p>\t\t\t\t\t\t\t\t<\/div>\n\t\t\t\t<\/div>\n\t\t\t\t\t<\/div>\n\t\t<\/div>\n\t\t\t\t\t<\/div>\n\t\t<\/section>\n\t\t\t\t<\/div>\n\t\t","protected":false},"excerpt":{"rendered":"<p>Reserva tu plaza en IFAlpes Annecy en s\u00f3lo 3 minutos. Disfrute de una estancia inolvidable en Annecy. Rellene nuestro formulario de inscripci\u00f3n y reserve nuestros cursos. Crea y compra en l\u00ednea sus vacaciones a medida, eligiendo su curso de franc\u00e9s, alojamiento y otras opciones. Nuestros asesores educativos se pondr\u00e1n en contacto con usted para confirmar [&hellip;]<\/p>\n","protected":false},"author":1,"featured_media":0,"parent":0,"menu_order":0,"comment_status":"closed","ping_status":"closed","template":"","meta":{"_acf_changed":false,"content-type":"","footnotes":""},"class_list":["post-21459","page","type-page","status-publish","hentry"],"acf":[],"_links":{"self":[{"href":"https:\/\/ifalpes.com\/es\/wp-json\/wp\/v2\/pages\/21459","targetHints":{"allow":["GET"]}}],"collection":[{"href":"https:\/\/ifalpes.com\/es\/wp-json\/wp\/v2\/pages"}],"about":[{"href":"https:\/\/ifalpes.com\/es\/wp-json\/wp\/v2\/types\/page"}],"author":[{"embeddable":true,"href":"https:\/\/ifalpes.com\/es\/wp-json\/wp\/v2\/users\/1"}],"replies":[{"embeddable":true,"href":"https:\/\/ifalpes.com\/es\/wp-json\/wp\/v2\/comments?post=21459"}],"version-history":[{"count":21,"href":"https:\/\/ifalpes.com\/es\/wp-json\/wp\/v2\/pages\/21459\/revisions"}],"predecessor-version":[{"id":28109,"href":"https:\/\/ifalpes.com\/es\/wp-json\/wp\/v2\/pages\/21459\/revisions\/28109"}],"wp:attachment":[{"href":"https:\/\/ifalpes.com\/es\/wp-json\/wp\/v2\/media?parent=21459"}],"curies":[{"name":"wp","href":"https:\/\/api.w.org\/{rel}","templated":true}]}}